{"id":2,"date":"2019-08-27T19:02:09","date_gmt":"2019-08-27T17:02:09","guid":{"rendered":"http:\/\/opcis-services.ch\/?page_id=2"},"modified":"2025-02-13T18:50:40","modified_gmt":"2025-02-13T17:50:40","slug":"accueil","status":"publish","type":"page","link":"https:\/\/opcis-services.ch\/en\/","title":{"rendered":"Accueil"},"content":{"rendered":"<div data-elementor-type=\"wp-page\" data-elementor-id=\"2\" class=\"elementor elementor-2\" data-elementor-post-type=\"page\">\n\t\t\t\t\t\t<section class=\"elementor-section elementor-top-section elementor-element elementor-element-a69357f elementor-section-height-full elementor-section-boxed elementor-section-height-default elementor-section-items-middle\" data-id=\"a69357f\" data-element_type=\"section\" data-settings=\"{&quot;background_background&quot;:&quot;classic&quot;,&quot;background_motion_fx_motion_fx_scrolling&quot;:&quot;yes&quot;,&quot;background_motion_fx_translateY_effect&quot;:&quot;yes&quot;,&quot;background_motion_fx_scale_effect&quot;:&quot;yes&quot;,&quot;background_motion_fx_translateY_speed&quot;:{&quot;unit&quot;:&quot;px&quot;,&quot;size&quot;:4,&quot;sizes&quot;:[]},&quot;background_motion_fx_translateY_affectedRange&quot;:{&quot;unit&quot;:&quot;%&quot;,&quot;size&quot;:&quot;&quot;,&quot;sizes&quot;:{&quot;start&quot;:0,&quot;end&quot;:100}},&quot;background_motion_fx_scale_direction&quot;:&quot;out-in&quot;,&quot;background_motion_fx_scale_speed&quot;:{&quot;unit&quot;:&quot;px&quot;,&quot;size&quot;:4,&quot;sizes&quot;:[]},&quot;background_motion_fx_scale_range&quot;:{&quot;unit&quot;:&quot;%&quot;,&quot;size&quot;:&quot;&quot;,&quot;sizes&quot;:{&quot;start&quot;:20,&quot;end&quot;:80}},&quot;background_motion_fx_devices&quot;:[&quot;desktop&quot;,&quot;tablet&quot;,&quot;mobile&quot;]}\">\n\t\t\t\t\t\t\t<div class=\"elementor-background-overlay\"><\/div>\n\t\t\t\t\t\t\t<div class=\"elementor-container elementor-column-gap-default\">\n\t\t\t\t\t<div class=\"elementor-column elementor-col-100 elementor-top-column elementor-element elementor-element-2f04015 animated-slow elementor-invisible\" data-id=\"2f04015\" data-element_type=\"column\" data-settings=\"{&quot;motion_fx_motion_fx_mouse&quot;:&quot;yes&quot;,&quot;animation&quot;:&quot;fadeIn&quot;}\">\n\t\t\t<div class=\"elementor-widget-wrap elementor-element-populated\">\n\t\t\t\t\t\t<div class=\"elementor-element elementor-element-db9440a animated-slow elementor-widget elementor-widget-image\" data-id=\"db9440a\" data-element_type=\"widget\" data-settings=\"{&quot;_animation&quot;:&quot;none&quot;}\" data-widget_type=\"image.default\">\n\t\t\t\t<div class=\"elementor-widget-container\">\n\t\t\t\t\t\t\t\t\t\t\t\t\t\t\t<img fetchpriority=\"high\" decoding=\"async\" width=\"500\" height=\"137\" src=\"https:\/\/opcis-services.ch\/wp-content\/uploads\/2019\/10\/opcis_blanc-500.png\" class=\"attachment-large size-large wp-image-186\" alt=\"\" srcset=\"https:\/\/opcis-services.ch\/wp-content\/uploads\/2019\/10\/opcis_blanc-500.png 500w, https:\/\/opcis-services.ch\/wp-content\/uploads\/2019\/10\/opcis_blanc-500-300x82.png 300w\" sizes=\"(max-width: 500px) 100vw, 500px\" \/>\t\t\t\t\t\t\t\t\t\t\t\t\t\t\t<\/div>\n\t\t\t\t<\/div>\n\t\t\t\t<div class=\"elementor-element elementor-element-0458f55 elementor-widget elementor-widget-text-editor\" data-id=\"0458f55\" data-element_type=\"widget\" data-widget_type=\"text-editor.default\">\n\t\t\t\t<div class=\"elementor-widget-container\">\n\t\t\t\t\t\t\t\t\t<p style=\"text-align: center;\"><span style=\"color: #ffffff;\">This site is published by OPCIS Services S\u00e0rl, chemin du marthelay 14 - 1188 Saint George (VD) - Switzerland, VAT CHE-425.718.222 , Phone +41794395194, Email <strong><a style=\"color: #ffffff;\" href=\"mailto:contact@opcis-services.ch\">contact@opcis-services.ch<\/a>.<\/strong><\/span><\/p><p style=\"text-align: center;\"><span style=\"color: #ffffff;\">This website uses cookies. Cookies are small text files that are stored on your computer when you visit the site, either temporarily or permanently. The purpose of cookies is to analyse the use of the website for statistical purposes and for continuous improvement.<\/span><\/p><p style=\"text-align: center;\"><span style=\"color: #ffffff;\">Cookies can be deactivated at any time in the settings of your web browser, either partially or completely. By deactivating cookies, certain functions of this site may no longer be available.<\/span><\/p>\t\t\t\t\t\t\t\t<\/div>\n\t\t\t\t<\/div>\n\t\t\t\t<section class=\"elementor-section elementor-inner-section elementor-element elementor-element-0e9c83b elementor-section-boxed elementor-section-height-default elementor-section-height-default\" data-id=\"0e9c83b\" data-element_type=\"section\">\n\t\t\t\t\t\t<div class=\"elementor-container elementor-column-gap-default\">\n\t\t\t\t\t<div class=\"elementor-column elementor-col-50 elementor-inner-column elementor-element elementor-element-69f51e2\" data-id=\"69f51e2\" data-element_type=\"column\">\n\t\t\t<div class=\"elementor-widget-wrap elementor-element-populated\">\n\t\t\t\t\t\t<div class=\"elementor-element elementor-element-86082f4 elementor-align-right elementor-widget elementor-widget-button\" data-id=\"86082f4\" data-element_type=\"widget\" data-widget_type=\"button.default\">\n\t\t\t\t<div class=\"elementor-widget-container\">\n\t\t\t\t\t\t\t\t\t<div class=\"elementor-button-wrapper\">\n\t\t\t\t\t<a class=\"elementor-button elementor-button-link elementor-size-sm\" href=\"https:\/\/opcis-services.ch\/en\/opcis\/\">\n\t\t\t\t\t\t<span class=\"elementor-button-content-wrapper\">\n\t\t\t\t\t\t\t\t\t<span class=\"elementor-button-text\">Accept<\/span>\n\t\t\t\t\t<\/span>\n\t\t\t\t\t<\/a>\n\t\t\t\t<\/div>\n\t\t\t\t\t\t\t\t<\/div>\n\t\t\t\t<\/div>\n\t\t\t\t\t<\/div>\n\t\t<\/div>\n\t\t\t\t<div class=\"elementor-column elementor-col-50 elementor-inner-column elementor-element elementor-element-158c278\" data-id=\"158c278\" data-element_type=\"column\">\n\t\t\t<div class=\"elementor-widget-wrap elementor-element-populated\">\n\t\t\t\t\t\t<div class=\"elementor-element elementor-element-222446d elementor-widget elementor-widget-button\" data-id=\"222446d\" data-element_type=\"widget\" data-widget_type=\"button.default\">\n\t\t\t\t<div class=\"elementor-widget-container\">\n\t\t\t\t\t\t\t\t\t<div class=\"elementor-button-wrapper\">\n\t\t\t\t\t<a class=\"elementor-button elementor-button-link elementor-size-sm\" href=\"https:\/\/google.com\">\n\t\t\t\t\t\t<span class=\"elementor-button-content-wrapper\">\n\t\t\t\t\t\t\t\t\t<span class=\"elementor-button-text\">Decline<\/span>\n\t\t\t\t\t<\/span>\n\t\t\t\t\t<\/a>\n\t\t\t\t<\/div>\n\t\t\t\t\t\t\t\t<\/div>\n\t\t\t\t<\/div>\n\t\t\t\t\t<\/div>\n\t\t<\/div>\n\t\t\t\t\t<\/div>\n\t\t<\/section>\n\t\t\t\t\t<\/div>\n\t\t<\/div>\n\t\t\t\t\t<\/div>\n\t\t<\/section>\n\t\t\t\t<\/div>","protected":false},"excerpt":{"rendered":"<p>Ce site est \u00e9dit\u00e9 par la soci\u00e9t\u00e9 OPCIS Services S\u00e0rl, chemin du marthelay 14 \u2013 1188 Saint George (VD) \u2013 Suisse, TVA CHE-425.718.222 TVA , T\u00e9l\u00e9phone +41794395194, Email contact@opcis-services.ch. Ce site Internet utilise des cookies. Les cookies sont de petits fichiers textes qui sont enregistr\u00e9s sur votre ordinateur, lors de la visite du site, de [&hellip;]<\/p>","protected":false},"author":1,"featured_media":0,"parent":0,"menu_order":0,"comment_status":"closed","ping_status":"closed","template":"elementor_canvas","meta":{"footnotes":""},"_links":{"self":[{"href":"https:\/\/opcis-services.ch\/en\/wp-json\/wp\/v2\/pages\/2"}],"collection":[{"href":"https:\/\/opcis-services.ch\/en\/wp-json\/wp\/v2\/pages"}],"about":[{"href":"https:\/\/opcis-services.ch\/en\/wp-json\/wp\/v2\/types\/page"}],"author":[{"embeddable":true,"href":"https:\/\/opcis-services.ch\/en\/wp-json\/wp\/v2\/users\/1"}],"replies":[{"embeddable":true,"href":"https:\/\/opcis-services.ch\/en\/wp-json\/wp\/v2\/comments?post=2"}],"version-history":[{"count":13,"href":"https:\/\/opcis-services.ch\/en\/wp-json\/wp\/v2\/pages\/2\/revisions"}],"predecessor-version":[{"id":363,"href":"https:\/\/opcis-services.ch\/en\/wp-json\/wp\/v2\/pages\/2\/revisions\/363"}],"wp:attachment":[{"href":"https:\/\/opcis-services.ch\/en\/wp-json\/wp\/v2\/media?parent=2"}],"curies":[{"name":"wp","href":"https:\/\/api.w.org\/{rel}","templated":true}]}}